{"id":1024,"date":"2023-03-24T00:03:48","date_gmt":"2023-03-24T00:03:48","guid":{"rendered":"https:\/\/teacompanype.com\/?post_type=product&#038;p=1024"},"modified":"2026-01-08T13:25:12","modified_gmt":"2026-01-08T13:25:12","slug":"infusion-de-anis","status":"publish","type":"product","link":"https:\/\/teacompanype.com\/en\/product\/infusion-de-anis\/","title":{"rendered":"Anise infusion"},"content":{"rendered":"<p>Enjoy a good cup of Vincenzo, the true taste of Peru.<\/p>","protected":false},"excerpt":{"rendered":"<p>Delight yourself and relax<\/p>","protected":false},"featured_media":1027,"comment_status":"open","ping_status":"closed","template":"","meta":{"nf_dc_page":"","om_disable_all_campaigns":true,"_uag_custom_page_level_css":"","site-sidebar-layout":"default","site-content-layout":"default","ast-global-header-display":"","ast-main-header-display":"","ast-hfb-above-header-display":"","ast-hfb-below-header-display":"","ast-hfb-mobile-header-display":"","site-post-title":"","ast-breadcrumbs-content":"","ast-featured-img":"","footer-sml-layout":"","theme-transparent-header-meta":"default","adv-header-id-meta":"","stick-header-meta":"","header-above-stick-meta":"","header-main-stick-meta":"","header-below-stick-meta":""},"product_brand":[],"product_cat":[24,23],"product_tag":[36,37],"class_list":{"0":"post-1024","1":"product","2":"type-product","3":"status-publish","4":"has-post-thumbnail","6":"product_cat-infusiones","7":"product_cat-infusiones-clasicas","8":"product_tag-anis","9":"product_tag-anise","10":"desktop-align-center","11":"tablet-align-left","12":"mobile-align-left","14":"first","15":"instock","16":"shipping-taxable","17":"product-type-simple"},"yoast_head":"<!-- This site is optimized with the Yoast SEO plugin v27.5 - https:\/\/yoast.com\/product\/yoast-seo-wordpress\/ -->\n<title>Infusi\u00f3n de an\u00eds - Tea Company<\/title>\n<meta name=\"description\" content=\"Combinaci\u00f3n \u00fanica de aromas, excelente antioxidante. Promueve un descanso placentero e ideal para los d\u00edas fr\u00edos.\" \/>\n<meta name=\"robots\" content=\"index, follow, max-snippet:-1, max-image-preview:large, max-video-preview:-1\" \/>\n<link rel=\"canonical\" href=\"https:\/\/teacompanype.com\/en\/product\/infusion-de-anis\/\" \/>\n<meta property=\"og:locale\" content=\"en_US\" \/>\n<meta property=\"og:type\" content=\"article\" \/>\n<meta property=\"og:title\" content=\"Infusi\u00f3n de an\u00eds - Tea Company\" \/>\n<meta property=\"og:description\" content=\"Combinaci\u00f3n \u00fanica de aromas, excelente antioxidante. Promueve un descanso placentero e ideal para los d\u00edas fr\u00edos.\" \/>\n<meta property=\"og:url\" content=\"https:\/\/teacompanype.com\/en\/product\/infusion-de-anis\/\" \/>\n<meta property=\"og:site_name\" content=\"Tea Company\" \/>\n<meta property=\"article:modified_time\" content=\"2026-01-08T13:25:12+00:00\" \/>\n<meta property=\"og:image\" content=\"https:\/\/teacompanype.com\/wp-content\/uploads\/2023\/03\/anis2.png\" \/>\n\t<meta property=\"og:image:width\" content=\"1800\" \/>\n\t<meta property=\"og:image:height\" content=\"1600\" \/>\n\t<meta property=\"og:image:type\" content=\"image\/png\" \/>\n<meta name=\"twitter:card\" content=\"summary_large_image\" \/>\n<meta name=\"twitter:label1\" content=\"Est. reading time\" \/>\n\t<meta name=\"twitter:data1\" content=\"1 minute\" \/>\n<script type=\"application\/ld+json\" class=\"yoast-schema-graph\">{\"@context\":\"https:\\\/\\\/schema.org\",\"@graph\":[{\"@type\":\"WebPage\",\"@id\":\"https:\\\/\\\/teacompanype.com\\\/producto\\\/infusion-de-anis\\\/\",\"url\":\"https:\\\/\\\/teacompanype.com\\\/producto\\\/infusion-de-anis\\\/\",\"name\":\"Infusi\u00f3n de an\u00eds - Tea Company\",\"isPartOf\":{\"@id\":\"https:\\\/\\\/teacompanype.com\\\/#website\"},\"primaryImageOfPage\":{\"@id\":\"https:\\\/\\\/teacompanype.com\\\/producto\\\/infusion-de-anis\\\/#primaryimage\"},\"image\":{\"@id\":\"https:\\\/\\\/teacompanype.com\\\/producto\\\/infusion-de-anis\\\/#primaryimage\"},\"thumbnailUrl\":\"https:\\\/\\\/i0.wp.com\\\/teacompanype.com\\\/wp-content\\\/uploads\\\/2023\\\/03\\\/anis2.png?fit=1800%2C1600&ssl=1\",\"datePublished\":\"2023-03-24T00:03:48+00:00\",\"dateModified\":\"2026-01-08T13:25:12+00:00\",\"description\":\"Combinaci\u00f3n \u00fanica de aromas, excelente antioxidante. Promueve un descanso placentero e ideal para los d\u00edas fr\u00edos.\",\"breadcrumb\":{\"@id\":\"https:\\\/\\\/teacompanype.com\\\/producto\\\/infusion-de-anis\\\/#breadcrumb\"},\"inLanguage\":\"en-US\",\"potentialAction\":[{\"@type\":\"ReadAction\",\"target\":[\"https:\\\/\\\/teacompanype.com\\\/producto\\\/infusion-de-anis\\\/\"]}]},{\"@type\":\"ImageObject\",\"inLanguage\":\"en-US\",\"@id\":\"https:\\\/\\\/teacompanype.com\\\/producto\\\/infusion-de-anis\\\/#primaryimage\",\"url\":\"https:\\\/\\\/i0.wp.com\\\/teacompanype.com\\\/wp-content\\\/uploads\\\/2023\\\/03\\\/anis2.png?fit=1800%2C1600&ssl=1\",\"contentUrl\":\"https:\\\/\\\/i0.wp.com\\\/teacompanype.com\\\/wp-content\\\/uploads\\\/2023\\\/03\\\/anis2.png?fit=1800%2C1600&ssl=1\",\"width\":1800,\"height\":1600},{\"@type\":\"BreadcrumbList\",\"@id\":\"https:\\\/\\\/teacompanype.com\\\/producto\\\/infusion-de-anis\\\/#breadcrumb\",\"itemListElement\":[{\"@type\":\"ListItem\",\"position\":1,\"name\":\"Home\",\"item\":\"https:\\\/\\\/teacompanype.com\\\/\"},{\"@type\":\"ListItem\",\"position\":2,\"name\":\"Productos\",\"item\":\"https:\\\/\\\/teacompanype.com\\\/productos\\\/\"},{\"@type\":\"ListItem\",\"position\":3,\"name\":\"Infusi\u00f3n de an\u00eds\"}]},{\"@type\":\"WebSite\",\"@id\":\"https:\\\/\\\/teacompanype.com\\\/#website\",\"url\":\"https:\\\/\\\/teacompanype.com\\\/\",\"name\":\"Tea Company\",\"description\":\"Vincenzo Infusiones\",\"publisher\":{\"@id\":\"https:\\\/\\\/teacompanype.com\\\/#organization\"},\"potentialAction\":[{\"@type\":\"SearchAction\",\"target\":{\"@type\":\"EntryPoint\",\"urlTemplate\":\"https:\\\/\\\/teacompanype.com\\\/?s={search_term_string}\"},\"query-input\":{\"@type\":\"PropertyValueSpecification\",\"valueRequired\":true,\"valueName\":\"search_term_string\"}}],\"inLanguage\":\"en-US\"},{\"@type\":\"Organization\",\"@id\":\"https:\\\/\\\/teacompanype.com\\\/#organization\",\"name\":\"Tea Company\",\"url\":\"https:\\\/\\\/teacompanype.com\\\/\",\"logo\":{\"@type\":\"ImageObject\",\"inLanguage\":\"en-US\",\"@id\":\"https:\\\/\\\/teacompanype.com\\\/#\\\/schema\\\/logo\\\/image\\\/\",\"url\":\"https:\\\/\\\/i0.wp.com\\\/teacompanype.com\\\/wp-content\\\/uploads\\\/2023\\\/03\\\/Mesa-de-trabajo-3%404x-8.png?fit=1010%2C402&ssl=1\",\"contentUrl\":\"https:\\\/\\\/i0.wp.com\\\/teacompanype.com\\\/wp-content\\\/uploads\\\/2023\\\/03\\\/Mesa-de-trabajo-3%404x-8.png?fit=1010%2C402&ssl=1\",\"width\":1010,\"height\":402,\"caption\":\"Tea Company\"},\"image\":{\"@id\":\"https:\\\/\\\/teacompanype.com\\\/#\\\/schema\\\/logo\\\/image\\\/\"}}]}<\/script>\n<!-- \/ Yoast SEO plugin. -->","yoast_head_json":{"title":"Infusi\u00f3n de an\u00eds - Tea Company","description":"Combinaci\u00f3n \u00fanica de aromas, excelente antioxidante. Promueve un descanso placentero e ideal para los d\u00edas fr\u00edos.","robots":{"index":"index","follow":"follow","max-snippet":"max-snippet:-1","max-image-preview":"max-image-preview:large","max-video-preview":"max-video-preview:-1"},"canonical":"https:\/\/teacompanype.com\/en\/product\/infusion-de-anis\/","og_locale":"en_US","og_type":"article","og_title":"Infusi\u00f3n de an\u00eds - Tea Company","og_description":"Combinaci\u00f3n \u00fanica de aromas, excelente antioxidante. Promueve un descanso placentero e ideal para los d\u00edas fr\u00edos.","og_url":"https:\/\/teacompanype.com\/en\/product\/infusion-de-anis\/","og_site_name":"Tea Company","article_modified_time":"2026-01-08T13:25:12+00:00","og_image":[{"width":1800,"height":1600,"url":"https:\/\/teacompanype.com\/wp-content\/uploads\/2023\/03\/anis2.png","type":"image\/png"}],"twitter_card":"summary_large_image","twitter_misc":{"Est. reading time":"1 minute"},"schema":{"@context":"https:\/\/schema.org","@graph":[{"@type":"WebPage","@id":"https:\/\/teacompanype.com\/producto\/infusion-de-anis\/","url":"https:\/\/teacompanype.com\/producto\/infusion-de-anis\/","name":"Infusi\u00f3n de an\u00eds - Tea Company","isPartOf":{"@id":"https:\/\/teacompanype.com\/#website"},"primaryImageOfPage":{"@id":"https:\/\/teacompanype.com\/producto\/infusion-de-anis\/#primaryimage"},"image":{"@id":"https:\/\/teacompanype.com\/producto\/infusion-de-anis\/#primaryimage"},"thumbnailUrl":"https:\/\/i0.wp.com\/teacompanype.com\/wp-content\/uploads\/2023\/03\/anis2.png?fit=1800%2C1600&ssl=1","datePublished":"2023-03-24T00:03:48+00:00","dateModified":"2026-01-08T13:25:12+00:00","description":"Combinaci\u00f3n \u00fanica de aromas, excelente antioxidante. Promueve un descanso placentero e ideal para los d\u00edas fr\u00edos.","breadcrumb":{"@id":"https:\/\/teacompanype.com\/producto\/infusion-de-anis\/#breadcrumb"},"inLanguage":"en-US","potentialAction":[{"@type":"ReadAction","target":["https:\/\/teacompanype.com\/producto\/infusion-de-anis\/"]}]},{"@type":"ImageObject","inLanguage":"en-US","@id":"https:\/\/teacompanype.com\/producto\/infusion-de-anis\/#primaryimage","url":"https:\/\/i0.wp.com\/teacompanype.com\/wp-content\/uploads\/2023\/03\/anis2.png?fit=1800%2C1600&ssl=1","contentUrl":"https:\/\/i0.wp.com\/teacompanype.com\/wp-content\/uploads\/2023\/03\/anis2.png?fit=1800%2C1600&ssl=1","width":1800,"height":1600},{"@type":"BreadcrumbList","@id":"https:\/\/teacompanype.com\/producto\/infusion-de-anis\/#breadcrumb","itemListElement":[{"@type":"ListItem","position":1,"name":"Home","item":"https:\/\/teacompanype.com\/"},{"@type":"ListItem","position":2,"name":"Productos","item":"https:\/\/teacompanype.com\/productos\/"},{"@type":"ListItem","position":3,"name":"Infusi\u00f3n de an\u00eds"}]},{"@type":"WebSite","@id":"https:\/\/teacompanype.com\/#website","url":"https:\/\/teacompanype.com\/","name":"Tea Company","description":"Vincenzo Infusiones","publisher":{"@id":"https:\/\/teacompanype.com\/#organization"},"potentialAction":[{"@type":"SearchAction","target":{"@type":"EntryPoint","urlTemplate":"https:\/\/teacompanype.com\/?s={search_term_string}"},"query-input":{"@type":"PropertyValueSpecification","valueRequired":true,"valueName":"search_term_string"}}],"inLanguage":"en-US"},{"@type":"Organization","@id":"https:\/\/teacompanype.com\/#organization","name":"Tea Company","url":"https:\/\/teacompanype.com\/","logo":{"@type":"ImageObject","inLanguage":"en-US","@id":"https:\/\/teacompanype.com\/#\/schema\/logo\/image\/","url":"https:\/\/i0.wp.com\/teacompanype.com\/wp-content\/uploads\/2023\/03\/Mesa-de-trabajo-3%404x-8.png?fit=1010%2C402&ssl=1","contentUrl":"https:\/\/i0.wp.com\/teacompanype.com\/wp-content\/uploads\/2023\/03\/Mesa-de-trabajo-3%404x-8.png?fit=1010%2C402&ssl=1","width":1010,"height":402,"caption":"Tea Company"},"image":{"@id":"https:\/\/teacompanype.com\/#\/schema\/logo\/image\/"}}]}},"uagb_featured_image_src":{"full":["https:\/\/i0.wp.com\/teacompanype.com\/wp-content\/uploads\/2023\/03\/anis2.png?fit=1800%2C1600&ssl=1",1800,1600,false],"thumbnail":["https:\/\/i0.wp.com\/teacompanype.com\/wp-content\/uploads\/2023\/03\/anis2.png?resize=150%2C150&ssl=1",150,150,true],"medium":["https:\/\/i0.wp.com\/teacompanype.com\/wp-content\/uploads\/2023\/03\/anis2.png?fit=300%2C267&ssl=1",300,267,true],"medium_large":["https:\/\/i0.wp.com\/teacompanype.com\/wp-content\/uploads\/2023\/03\/anis2.png?fit=768%2C683&ssl=1",768,683,true],"large":["https:\/\/i0.wp.com\/teacompanype.com\/wp-content\/uploads\/2023\/03\/anis2.png?fit=1024%2C910&ssl=1",1024,910,true],"1536x1536":["https:\/\/i0.wp.com\/teacompanype.com\/wp-content\/uploads\/2023\/03\/anis2.png?fit=1536%2C1365&ssl=1",1536,1365,true],"2048x2048":["https:\/\/i0.wp.com\/teacompanype.com\/wp-content\/uploads\/2023\/03\/anis2.png?fit=1800%2C1600&ssl=1",1800,1600,true],"trp-custom-language-flag":["https:\/\/i0.wp.com\/teacompanype.com\/wp-content\/uploads\/2023\/03\/anis2.png?fit=14%2C12&ssl=1",14,12,true],"woocommerce_thumbnail":["https:\/\/teacompanype.com\/wp-content\/uploads\/2023\/03\/anis2-300x300.png",300,300,true],"woocommerce_single":["https:\/\/teacompanype.com\/wp-content\/uploads\/2023\/03\/anis2.png",600,533,false],"woocommerce_gallery_thumbnail":["https:\/\/teacompanype.com\/wp-content\/uploads\/2023\/03\/anis2-100x100.png",100,100,true]},"uagb_author_info":{"display_name":"admin_total","author_link":"https:\/\/teacompanype.com\/en\/author\/"},"uagb_comment_info":8,"uagb_excerpt":"Disfruta y rel\u00e1jate.","jetpack_sharing_enabled":true,"_links":{"self":[{"href":"https:\/\/teacompanype.com\/en\/wp-json\/wp\/v2\/product\/1024","targetHints":{"allow":["GET"]}}],"collection":[{"href":"https:\/\/teacompanype.com\/en\/wp-json\/wp\/v2\/product"}],"about":[{"href":"https:\/\/teacompanype.com\/en\/wp-json\/wp\/v2\/types\/product"}],"replies":[{"embeddable":true,"href":"https:\/\/teacompanype.com\/en\/wp-json\/wp\/v2\/comments?post=1024"}],"wp:featuredmedia":[{"embeddable":true,"href":"https:\/\/teacompanype.com\/en\/wp-json\/wp\/v2\/media\/1027"}],"wp:attachment":[{"href":"https:\/\/teacompanype.com\/en\/wp-json\/wp\/v2\/media?parent=1024"}],"wp:term":[{"taxonomy":"product_brand","embeddable":true,"href":"https:\/\/teacompanype.com\/en\/wp-json\/wp\/v2\/product_brand?post=1024"},{"taxonomy":"product_cat","embeddable":true,"href":"https:\/\/teacompanype.com\/en\/wp-json\/wp\/v2\/product_cat?post=1024"},{"taxonomy":"product_tag","embeddable":true,"href":"https:\/\/teacompanype.com\/en\/wp-json\/wp\/v2\/product_tag?post=1024"}],"curies":[{"name":"wp","href":"https:\/\/api.w.org\/{rel}","templated":true}]}}